{"id":10057,"date":"2024-09-20T08:26:41","date_gmt":"2024-09-20T06:26:41","guid":{"rendered":"https:\/\/theamazonactivation.com\/?post_type=product&#038;p=10057"},"modified":"2025-02-06T11:08:30","modified_gmt":"2025-02-06T10:08:30","slug":"amazon-csutortok-online-ora-2024-11-07","status":"publish","type":"product","link":"https:\/\/theamazonactivation.com\/en\/xp\/amazon-csutortok-online-ora-2024-11-07\/","title":{"rendered":"Amazon Cs\u00fct\u00f6rt\u00f6k online \u00f3ra &#8211; 2024.11.07."},"content":{"rendered":"<div data-elementor-type=\"product-post\" data-elementor-id=\"10057\" class=\"elementor elementor-10057\" data-elementor-post-type=\"product\">\n\t\t\t\t\t\t<section class=\"elementor-section elementor-top-section elementor-element elementor-element-6a746346 elementor-section-boxed elementor-section-height-default elementor-section-height-default\" data-id=\"6a746346\" data-element_type=\"section\" data-e-type=\"section\">\n\t\t\t\t\t\t<div class=\"elementor-container elementor-column-gap-default\">\n\t\t\t\t\t<div class=\"elementor-column elementor-col-100 elementor-top-column elementor-element elementor-element-698a95b4\" data-id=\"698a95b4\" data-element_type=\"column\" data-e-type=\"column\">\n\t\t\t<div class=\"elementor-widget-wrap elementor-element-populated\">\n\t\t\t\t\t\t<div class=\"elementor-element elementor-element-99e54c9 elementor-widget elementor-widget-heading\" data-id=\"99e54c9\" data-element_type=\"widget\" data-e-type=\"widget\" data-widget_type=\"heading.default\">\n\t\t\t\t<div class=\"elementor-widget-container\">\n\t\t\t\t\t<h2 class=\"elementor-heading-title elementor-size-default\">Amazon Activation<\/h2>\t\t\t\t<\/div>\n\t\t\t\t<\/div>\n\t\t\t\t<div class=\"elementor-element elementor-element-3b5f0b9 elementor-widget elementor-widget-heading\" data-id=\"3b5f0b9\" data-element_type=\"widget\" data-e-type=\"widget\" data-widget_type=\"heading.default\">\n\t\t\t\t<div class=\"elementor-widget-container\">\n\t\t\t\t\t<h4 class=\"elementor-heading-title elementor-size-default\">Cs\u00fct\u00f6rt\u00f6k Reggelenk\u00e9nt<\/h4>\t\t\t\t<\/div>\n\t\t\t\t<\/div>\n\t\t\t\t<div class=\"elementor-element elementor-element-e25a361 elementor-widget elementor-widget-heading\" data-id=\"e25a361\" data-element_type=\"widget\" data-e-type=\"widget\" data-widget_type=\"heading.default\">\n\t\t\t\t<div class=\"elementor-widget-container\">\n\t\t\t\t\t<h5 class=\"elementor-heading-title elementor-size-default\">ONLINE 08:30<\/h5>\t\t\t\t<\/div>\n\t\t\t\t<\/div>\n\t\t\t\t<div class=\"elementor-element elementor-element-2ccefda2 elementor-widget elementor-widget-text-editor\" data-id=\"2ccefda2\" data-element_type=\"widget\" data-e-type=\"widget\" data-widget_type=\"text-editor.default\">\n\t\t\t\t<div class=\"elementor-widget-container\">\n\t\t\t\t\t\t\t\t\t<p>A cs\u00fct\u00f6rt\u00f6k reggeli Amazon Activation \u00f3ra egy 50 perces, teljes testi \u00e9s lelki \u00e1tmozgat\u00e1s, ami intuit\u00edv m\u00f3don az \u00e9ppen aktu\u00e1lis \u00e9vszakok, energi\u00e1k \u00e9s lelki folyamatok szerint van hangolva.<\/p><p>Olykor dinamikus, er\u0151teljes gyakorl\u00e1sra lehet sz\u00e1m\u00edtani, m\u00e1skor pedig m\u00e9lyebb, lassabb \u00e9s csendesebb mozg\u00e1ssorok lesznek tapasztalhat\u00f3ak, mindezt term\u00e9szetesen az Amazon Activation m\u00f3dszer\u00e9hez ill\u0151en.<\/p>\t\t\t\t\t\t\t\t<\/div>\n\t\t\t\t<\/div>\n\t\t\t\t<div class=\"elementor-element elementor-element-eb83139 elementor-widget elementor-widget-text-editor\" data-id=\"eb83139\" data-element_type=\"widget\" data-e-type=\"widget\" data-widget_type=\"text-editor.default\">\n\t\t\t\t<div class=\"elementor-widget-container\">\n\t\t\t\t\t\t\t\t\t<p><strong>Mire lesz sz\u00fcks\u00e9ged:<\/strong><br \/>&#8211; j\u00f3ga matrac<br \/>&#8211; k\u00e9nyelmes ruha<br \/>&#8211; v\u00edz<br \/>&#8211; f\u00fczet<\/p>\t\t\t\t\t\t\t\t<\/div>\n\t\t\t\t<\/div>\n\t\t\t\t<div class=\"elementor-element elementor-element-f1ed5e7 elementor-widget elementor-widget-text-editor\" data-id=\"f1ed5e7\" data-element_type=\"widget\" data-e-type=\"widget\" data-widget_type=\"text-editor.default\">\n\t\t\t\t<div class=\"elementor-widget-container\">\n\t\t\t\t\t\t\t\t\t<p><strong>Egy\u00e9b inform\u00e1ci\u00f3k:<\/strong><br \/>&#8211; okt\u00f3ber 2. szerdai nap lesz<br \/>&#8211; november 1. p\u00e9nteki nap lesz<br \/>&#8211; november 11-\u00e9n csak medit\u00e1lni fogunk<\/p>\t\t\t\t\t\t\t\t<\/div>\n\t\t\t\t<\/div>\n\t\t\t\t<div class=\"elementor-element elementor-element-7e4b532 elementor-widget elementor-widget-image\" data-id=\"7e4b532\" data-element_type=\"widget\" data-e-type=\"widget\" data-widget_type=\"image.default\">\n\t\t\t\t<div class=\"elementor-widget-container\">\n\t\t\t\t\t\t\t\t\t\t\t\t\t\t\t<img fetchpriority=\"high\" decoding=\"async\" width=\"900\" height=\"601\" src=\"https:\/\/theamazonactivation.com\/wp-content\/uploads\/2024\/09\/online-classes-1024x684.webp\" class=\"attachment-large size-large wp-image-9433\" alt=\"\" srcset=\"https:\/\/theamazonactivation.com\/wp-content\/uploads\/2024\/09\/online-classes-1024x684.webp 1024w, https:\/\/theamazonactivation.com\/wp-content\/uploads\/2024\/09\/online-classes-300x200.webp 300w, https:\/\/theamazonactivation.com\/wp-content\/uploads\/2024\/09\/online-classes-768x513.webp 768w, https:\/\/theamazonactivation.com\/wp-content\/uploads\/2024\/09\/online-classes-1536x1025.webp 1536w, https:\/\/theamazonactivation.com\/wp-content\/uploads\/2024\/09\/online-classes-600x401.webp 600w, https:\/\/theamazonactivation.com\/wp-content\/uploads\/2024\/09\/online-classes.webp 1600w\" sizes=\"(max-width: 900px) 100vw, 900px\" \/>\t\t\t\t\t\t\t\t\t\t\t\t\t\t\t<\/div>\n\t\t\t\t<\/div>\n\t\t\t\t<div class=\"elementor-element elementor-element-4b6e592 elementor-widget elementor-widget-spacer\" data-id=\"4b6e592\" data-element_type=\"widget\" data-e-type=\"widget\" data-widget_type=\"spacer.default\">\n\t\t\t\t<div class=\"elementor-widget-container\">\n\t\t\t\t\t\t\t<div class=\"elementor-spacer\">\n\t\t\t<div class=\"elementor-spacer-inner\"><\/div>\n\t\t<\/div>\n\t\t\t\t\t\t<\/div>\n\t\t\t\t<\/div>\n\t\t\t\t\t<\/div>\n\t\t<\/div>\n\t\t\t\t\t<\/div>\n\t\t<\/section>\n\t\t\t\t<\/div>","protected":false},"excerpt":{"rendered":"<p>Amazon Activation Cs\u00fct\u00f6rt\u00f6k Reggelenk\u00e9nt ONLINE 08:30 A cs\u00fct\u00f6rt\u00f6k reggeli Amazon Activation \u00f3ra egy 50 perces, teljes testi \u00e9s lelki \u00e1tmozgat\u00e1s, ami intuit\u00edv m\u00f3don az \u00e9ppen aktu\u00e1lis \u00e9vszakok, energi\u00e1k \u00e9s lelki folyamatok szerint van hangolva. Olykor dinamikus, er\u0151teljes gyakorl\u00e1sra lehet sz\u00e1m\u00edtani, m\u00e1skor pedig m\u00e9lyebb, lassabb \u00e9s csendesebb mozg\u00e1ssorok lesznek tapasztalhat\u00f3ak, mindezt term\u00e9szetesen az Amazon Activation m\u00f3dszer\u00e9hez &#8230; <a title=\"Amazon Cs\u00fct\u00f6rt\u00f6k online \u00f3ra &#8211; 2024.11.07.\" class=\"read-more\" href=\"https:\/\/theamazonactivation.com\/en\/xp\/amazon-csutortok-online-ora-2024-11-07\/\" aria-label=\"Read more about Amazon Cs\u00fct\u00f6rt\u00f6k online \u00f3ra &#8211; 2024.11.07.\">Read more<\/a><\/p>","protected":false},"featured_media":9415,"comment_status":"closed","ping_status":"closed","template":"","meta":{"_acf_changed":false,"_seopress_robots_primary_cat":"none","_seopress_titles_title":"%%post_title%% %%sep%% Amazon Activation","_seopress_titles_desc":"A cs\u00fct\u00f6rt\u00f6k reggeli \u00f3ra egy 50 perces, teljes testi-lelki \u00e1tmozgat\u00e1s, ami intuit\u00edv m\u00f3don az \u00e9ppen aktu\u00e1lis energi\u00e1k \u00e9s lelki folyamatok szerint van hangolva.","_seopress_robots_index":"yes"},"product_brand":[],"product_cat":[296],"product_tag":[],"class_list":{"0":"post-10057","1":"product","2":"type-product","3":"status-publish","4":"has-post-thumbnail","6":"product_cat-online-classes","7":"member-discount","8":"discount-restricted","10":"first","11":"outofstock","12":"virtual","13":"sold-individually","14":"purchasable","15":"product-type-simple"},"booking_location":null,"booking_location_type":null,"booking_duration":null,"booking_duration_unit":null,"booking_buffer":null,"booking_cost":null,"booking_resources":null,"acf":[],"_links":{"self":[{"href":"https:\/\/theamazonactivation.com\/en\/wp-json\/wp\/v2\/product\/10057","targetHints":{"allow":["GET"]}}],"collection":[{"href":"https:\/\/theamazonactivation.com\/en\/wp-json\/wp\/v2\/product"}],"about":[{"href":"https:\/\/theamazonactivation.com\/en\/wp-json\/wp\/v2\/types\/product"}],"replies":[{"embeddable":true,"href":"https:\/\/theamazonactivation.com\/en\/wp-json\/wp\/v2\/comments?post=10057"}],"version-history":[{"count":0,"href":"https:\/\/theamazonactivation.com\/en\/wp-json\/wp\/v2\/product\/10057\/revisions"}],"wp:featuredmedia":[{"embeddable":true,"href":"https:\/\/theamazonactivation.com\/en\/wp-json\/wp\/v2\/media\/9415"}],"wp:attachment":[{"href":"https:\/\/theamazonactivation.com\/en\/wp-json\/wp\/v2\/media?parent=10057"}],"wp:term":[{"taxonomy":"product_brand","embeddable":true,"href":"https:\/\/theamazonactivation.com\/en\/wp-json\/wp\/v2\/product_brand?post=10057"},{"taxonomy":"product_cat","embeddable":true,"href":"https:\/\/theamazonactivation.com\/en\/wp-json\/wp\/v2\/product_cat?post=10057"},{"taxonomy":"product_tag","embeddable":true,"href":"https:\/\/theamazonactivation.com\/en\/wp-json\/wp\/v2\/product_tag?post=10057"}],"curies":[{"name":"wp","href":"https:\/\/api.w.org\/{rel}","templated":true}]}}