{"id":6654,"date":"2023-02-13T15:03:46","date_gmt":"2023-02-13T14:03:46","guid":{"rendered":"https:\/\/amazonrising.hu\/uzlet\/"},"modified":"2026-02-06T09:52:45","modified_gmt":"2026-02-06T08:52:45","slug":"shop","status":"publish","type":"page","link":"https:\/\/theamazonactivation.com\/en\/shop\/","title":{"rendered":"Shop"},"content":{"rendered":"\t\t<div data-elementor-type=\"wp-page\" data-elementor-id=\"6654\" class=\"elementor elementor-6654\" data-elementor-post-type=\"page\">\n\t\t\t\t<div class=\"elementor-element elementor-element-91024ba e-flex e-con-boxed e-con e-parent\" data-id=\"91024ba\" data-element_type=\"container\" data-e-type=\"container\">\n\t\t\t\t\t<div class=\"e-con-inner\">\n\t\t\t\t<div class=\"elementor-element elementor-element-299e087 elementor-widget-divider--view-line_text elementor-widget-divider--element-align-center elementor-widget elementor-widget-divider\" data-id=\"299e087\" data-element_type=\"widget\" data-e-type=\"widget\" data-widget_type=\"divider.default\">\n\t\t\t\t<div class=\"elementor-widget-container\">\n\t\t\t\t\t\t\t<div class=\"elementor-divider\">\n\t\t\t<span class=\"elementor-divider-separator\">\n\t\t\t\t\t\t\t<h3 class=\"elementor-divider__text elementor-divider__element\">\n\t\t\t\tWorkshopok\t\t\t\t<\/h3>\n\t\t\t\t\t\t<\/span>\n\t\t<\/div>\n\t\t\t\t\t\t<\/div>\n\t\t\t\t<\/div>\n\t\t\t\t<div class=\"woocommerce elementor-element elementor-element-c6c5ce9 elementor-grid-3 elementor-grid-tablet-2 elementor-grid-mobile-1 elementor-widget elementor-widget-loop-grid\" data-id=\"c6c5ce9\" data-element_type=\"widget\" data-e-type=\"widget\" data-settings=\"{&quot;template_id&quot;:&quot;6966&quot;,&quot;columns&quot;:3,&quot;_skin&quot;:&quot;product&quot;,&quot;columns_tablet&quot;:&quot;2&quot;,&quot;columns_mobile&quot;:&quot;1&quot;,&quot;edit_handle_selector&quot;:&quot;[data-elementor-type=\\&quot;loop-item\\&quot;]&quot;,&quot;row_gap&quot;:{&quot;unit&quot;:&quot;px&quot;,&quot;size&quot;:&quot;&quot;,&quot;sizes&quot;:[]},&quot;row_gap_tablet&quot;:{&quot;unit&quot;:&quot;px&quot;,&quot;size&quot;:&quot;&quot;,&quot;sizes&quot;:[]},&quot;row_gap_mobile&quot;:{&quot;unit&quot;:&quot;px&quot;,&quot;size&quot;:&quot;&quot;,&quot;sizes&quot;:[]}}\" data-widget_type=\"loop-grid.product\">\n\t\t\t\t<div class=\"elementor-widget-container\">\n\t\t\t\t\t\t\t<div class=\"e-loop-nothing-found-message\">\n\t\t\t\t\t<div class=\"e-loop-nothing-found-message__text\">\n\t\t\t\tHamarosan \u00faj kurzusok j\u00f6nnek!\t\t\t<\/div>\n\t\t\t<\/div>\n\t\t\t\t\t\t<\/div>\n\t\t\t\t<\/div>\n\t\t\t\t<div class=\"elementor-element elementor-element-5768642 elementor-widget-divider--view-line_text elementor-widget-divider--element-align-center elementor-widget elementor-widget-divider\" data-id=\"5768642\" data-element_type=\"widget\" data-e-type=\"widget\" data-widget_type=\"divider.default\">\n\t\t\t\t<div class=\"elementor-widget-container\">\n\t\t\t\t\t\t\t<div class=\"elementor-divider\">\n\t\t\t<span class=\"elementor-divider-separator\">\n\t\t\t\t\t\t\t<h3 class=\"elementor-divider__text elementor-divider__element\">\n\t\t\t\tAj\u00e1nd\u00e9kutalv\u00e1nyok\t\t\t\t<\/h3>\n\t\t\t\t\t\t<\/span>\n\t\t<\/div>\n\t\t\t\t\t\t<\/div>\n\t\t\t\t<\/div>\n\t\t\t\t<div class=\"elementor-element elementor-element-c932e22 elementor-grid-3 elementor-grid-tablet-2 elementor-grid-mobile-1 elementor-widget elementor-widget-loop-grid\" data-id=\"c932e22\" data-element_type=\"widget\" data-e-type=\"widget\" data-settings=\"{&quot;template_id&quot;:&quot;6966&quot;,&quot;_skin&quot;:&quot;post&quot;,&quot;columns&quot;:&quot;3&quot;,&quot;columns_tablet&quot;:&quot;2&quot;,&quot;columns_mobile&quot;:&quot;1&quot;,&quot;edit_handle_selector&quot;:&quot;[data-elementor-type=\\&quot;loop-item\\&quot;]&quot;,&quot;row_gap&quot;:{&quot;unit&quot;:&quot;px&quot;,&quot;size&quot;:&quot;&quot;,&quot;sizes&quot;:[]},&quot;row_gap_tablet&quot;:{&quot;unit&quot;:&quot;px&quot;,&quot;size&quot;:&quot;&quot;,&quot;sizes&quot;:[]},&quot;row_gap_mobile&quot;:{&quot;unit&quot;:&quot;px&quot;,&quot;size&quot;:&quot;&quot;,&quot;sizes&quot;:[]}}\" data-widget_type=\"loop-grid.post\">\n\t\t\t\t<div class=\"elementor-widget-container\">\n\t\t\t\t\t\t\t<div class=\"elementor-loop-container elementor-grid\" role=\"list\">\n\t\t<style id=\"loop-dynamic-6966\">.e-loop-item-11204 .elementor-element.elementor-element-27cd682:not(.elementor-motion-effects-element-type-background), .e-loop-item-11204 .elementor-element.elementor-element-27cd682 > .elementor-motion-effects-container > .elementor-motion-effects-layer{background-image:url(\"https:\/\/theamazonactivation.com\/wp-content\/uploads\/2023\/11\/gift-card.jpg\");}<\/style><style id=\"loop-6966\">.elementor-6966 .elementor-element.elementor-element-61cf993d{--display:flex;--justify-content:space-between;--overflow:hidden;--overlay-opacity:0.5;box-shadow:0px 0px 10px 0px rgba(0, 0, 0, 0.22);}.elementor-6966 .elementor-element.elementor-element-61cf993d::before, .elementor-6966 .elementor-element.elementor-element-61cf993d > .elementor-background-video-container::before, .elementor-6966 .elementor-element.elementor-element-61cf993d > .e-con-inner > .elementor-background-video-container::before, .elementor-6966 .elementor-element.elementor-element-61cf993d > .elementor-background-slideshow::before, .elementor-6966 .elementor-element.elementor-element-61cf993d > .e-con-inner > .elementor-background-slideshow::before, .elementor-6966 .elementor-element.elementor-element-61cf993d > .elementor-motion-effects-container > .elementor-motion-effects-layer::before{--background-overlay:'';background-color:var( --e-global-color-primary );}.elementor-6966 .elementor-element.elementor-element-61cf993d:hover{box-shadow:0px 0px 18px 0px rgba(0, 0, 0, 0.3);}.elementor-6966 .elementor-element.elementor-element-27cd682{--display:flex;}.elementor-6966 .elementor-element.elementor-element-27cd682:not(.elementor-motion-effects-element-type-background), .elementor-6966 .elementor-element.elementor-element-27cd682 > .elementor-motion-effects-container > .elementor-motion-effects-layer{background-position:center center;background-repeat:no-repeat;background-size:cover;}.elementor-widget-heading .elementor-heading-title{font-family:var( --e-global-typography-primary-font-family ), Sans-serif;font-weight:var( --e-global-typography-primary-font-weight );color:var( --e-global-color-primary );}.elementor-6966 .elementor-element.elementor-element-9f7c400{text-align:center;}.elementor-6966 .elementor-element.elementor-element-9f7c400 .elementor-heading-title{font-family:\"Marcellus\", Sans-serif;font-size:24px;font-weight:600;color:var( --e-global-color-text );}.elementor-widget-text-editor{font-family:var( --e-global-typography-text-font-family ), Sans-serif;font-weight:var( --e-global-typography-text-font-weight );color:var( --e-global-color-text );}.elementor-widget-text-editor.elementor-drop-cap-view-stacked .elementor-drop-cap{background-color:var( --e-global-color-primary );}.elementor-widget-text-editor.elementor-drop-cap-view-framed .elementor-drop-cap, .elementor-widget-text-editor.elementor-drop-cap-view-default .elementor-drop-cap{color:var( --e-global-color-primary );border-color:var( --e-global-color-primary );}.elementor-6966 .elementor-element.elementor-element-1194046{text-align:center;font-family:\"Marcellus\", Sans-serif;font-size:28px;font-weight:400;color:var( --e-global-color-accent );}.elementor-widget-button .elementor-button{font-family:var( --e-global-typography-accent-font-family ), Sans-serif;font-weight:var( --e-global-typography-accent-font-weight );background-color:var( --e-global-color-accent );}.elementor-6966 .elementor-element.elementor-element-e7d6497 .elementor-button{fill:var( --e-global-color-f600f6c );color:var( --e-global-color-f600f6c );background-color:var( --e-global-color-798fb7e );}.elementor-6966 .elementor-element.elementor-element-e7d6497 .elementor-button:hover, .elementor-6966 .elementor-element.elementor-element-e7d6497 .elementor-button:focus{background-color:var( --e-global-color-accent );}.elementor-6966 .elementor-element.elementor-element-3795a53 .elementor-button{fill:var( --e-global-color-f600f6c );color:var( --e-global-color-f600f6c );background-color:var( --e-global-color-798fb7e );}.elementor-6966 .elementor-element.elementor-element-3795a53 .elementor-button:hover, .elementor-6966 .elementor-element.elementor-element-3795a53 .elementor-button:focus{background-color:var( --e-global-color-accent );}\/* Start custom CSS for container, class: .elementor-element-27cd682 *\/#kepdoboz {\n    aspect-ratio: 3\/2;\n}\/* End custom CSS *\/<\/style>\t\t<div data-elementor-type=\"loop-item\" data-elementor-id=\"6966\" class=\"elementor elementor-6966 e-loop-item e-loop-item-11204 post-11204 product type-product status-publish has-post-thumbnail product_cat-gift-cards product_tag-ajandekutalvany first instock virtual purchasable product-type-simple\" data-elementor-post-type=\"elementor_library\" data-custom-edit-handle=\"1\">\n\t\t\t<div class=\"elementor-element elementor-element-61cf993d e-flex e-con-boxed e-con e-parent\" data-id=\"61cf993d\" data-element_type=\"container\" data-e-type=\"container\">\n\t\t\t\t\t<div class=\"e-con-inner\">\n\t\t<a class=\"elementor-element elementor-element-27cd682 e-con-full e-flex e-con e-child\" data-id=\"27cd682\" data-element_type=\"container\" data-e-type=\"container\" id=\"kepdoboz\" data-settings=\"{&quot;background_background&quot;:&quot;classic&quot;}\" href=\"https:\/\/theamazonactivation.com\/en\/xp\/ajandekutalvany-szabadon-valasztott-osszeg\/\">\n\t\t\t\t<\/a>\n\t\t\t\t<div class=\"elementor-element elementor-element-9f7c400 elementor-widget elementor-widget-heading\" data-id=\"9f7c400\" data-element_type=\"widget\" data-e-type=\"widget\" data-widget_type=\"heading.default\">\n\t\t\t\t<div class=\"elementor-widget-container\">\n\t\t\t\t\t<h2 class=\"elementor-heading-title elementor-size-default\"><a href=\"https:\/\/theamazonactivation.com\/en\/xp\/ajandekutalvany-szabadon-valasztott-osszeg\/\">Aj\u00e1nd\u00e9kutalv\u00e1ny &#8211; Szabadon v\u00e1lasztott \u00f6sszeg<\/a><\/h2>\t\t\t\t<\/div>\n\t\t\t\t<\/div>\n\t\t\t\t<div class=\"elementor-element elementor-element-e7d6497 elementor-align-justify elementor-widget elementor-widget-button\" data-id=\"e7d6497\" data-element_type=\"widget\" data-e-type=\"widget\" data-settings=\"{&quot;enabled_visibility&quot;:&quot;yes&quot;,&quot;dce_visibility_selected&quot;:&quot;hide&quot;}\" data-widget_type=\"button.default\">\n\t\t\t\t<div class=\"elementor-widget-container\">\n\t\t\t\t\t\t\t\t\t<div class=\"elementor-button-wrapper\">\n\t\t\t\t\t<a class=\"elementor-button elementor-button-link elementor-size-sm\" href=\"https:\/\/theamazonactivation.com\/en\/xp\/ajandekutalvany-szabadon-valasztott-osszeg\/\">\n\t\t\t\t\t\t<span class=\"elementor-button-content-wrapper\">\n\t\t\t\t\t\t\t\t\t<span class=\"elementor-button-text\">Megadom az \u00f6sszeget<\/span>\n\t\t\t\t\t<\/span>\n\t\t\t\t\t<\/a>\n\t\t\t\t<\/div>\n\t\t\t\t\t\t\t\t<\/div>\n\t\t\t\t<\/div>\n\t\t\t\t<div class=\"dce-visibility-element-hidden dce-visibility-original-content elementor-element elementor-element-3795a53 elementor-align-justify elementor-widget elementor-widget-button\" data-id=\"3795a53\" data-element_type=\"widget\" data-e-type=\"widget\" data-settings=\"{&quot;enabled_visibility&quot;:&quot;yes&quot;,&quot;dce_visibility_selected&quot;:&quot;hide&quot;}\" data-widget_type=\"button.default\">\n\t\t\t\t<div class=\"elementor-widget-container\">\n\t\t\t\t\t\t\t\t\t<div class=\"elementor-button-wrapper\">\n\t\t\t\t\t<a class=\"elementor-button elementor-button-link elementor-size-sm\" href=\"https:\/\/theamazonactivation.com\/en?add-to-cart=11204&#038;quantity=1&#038;e-redirect=https:\/\/theamazonactivation.com\/en\/kosar\/\">\n\t\t\t\t\t\t<span class=\"elementor-button-content-wrapper\">\n\t\t\t\t\t\t\t\t\t<span class=\"elementor-button-text\">Kos\u00e1rba teszem<\/span>\n\t\t\t\t\t<\/span>\n\t\t\t\t\t<\/a>\n\t\t\t\t<\/div>\n\t\t\t\t\t\t\t\t<\/div>\n\t\t\t\t<\/div>\n\t\t\t\t\t<\/div>\n\t\t\t\t<\/div>\n\t\t\t\t<\/div>\n\t\t\t\t<\/div>\n\t\t\n\t\t\t\t\t\t<\/div>\n\t\t\t\t<\/div>\n\t\t\t\t\t<\/div>\n\t\t\t\t<\/div>\n\t\t\t\t<\/div>\n\t\t","protected":false},"excerpt":{"rendered":"<p>Workshopok Aj\u00e1nd\u00e9kutalv\u00e1nyok<\/p>","protected":false},"author":1,"featured_media":0,"parent":0,"menu_order":0,"comment_status":"closed","ping_status":"closed","template":"","meta":{"_acf_changed":false,"_seopress_robots_primary_cat":"","_seopress_titles_title":"","_seopress_titles_desc":"","_seopress_robots_index":"","footnotes":""},"class_list":["post-6654","page","type-page","status-publish","hentry"],"acf":[],"_links":{"self":[{"href":"https:\/\/theamazonactivation.com\/en\/wp-json\/wp\/v2\/pages\/6654","targetHints":{"allow":["GET"]}}],"collection":[{"href":"https:\/\/theamazonactivation.com\/en\/wp-json\/wp\/v2\/pages"}],"about":[{"href":"https:\/\/theamazonactivation.com\/en\/wp-json\/wp\/v2\/types\/page"}],"author":[{"embeddable":true,"href":"https:\/\/theamazonactivation.com\/en\/wp-json\/wp\/v2\/users\/1"}],"replies":[{"embeddable":true,"href":"https:\/\/theamazonactivation.com\/en\/wp-json\/wp\/v2\/comments?post=6654"}],"version-history":[{"count":0,"href":"https:\/\/theamazonactivation.com\/en\/wp-json\/wp\/v2\/pages\/6654\/revisions"}],"wp:attachment":[{"href":"https:\/\/theamazonactivation.com\/en\/wp-json\/wp\/v2\/media?parent=6654"}],"curies":[{"name":"wp","href":"https:\/\/api.w.org\/{rel}","templated":true}]}}