{"id":4531,"date":"2023-09-14T07:25:42","date_gmt":"2023-09-14T05:25:42","guid":{"rendered":"https:\/\/theamazonactivation.com\/?page_id=4531"},"modified":"2026-02-06T07:42:37","modified_gmt":"2026-02-06T06:42:37","slug":"free-experiences","status":"publish","type":"page","link":"https:\/\/theamazonactivation.com\/en\/free-experiences\/","title":{"rendered":"Ingyenes tartalmak"},"content":{"rendered":"\t\t<div data-elementor-type=\"wp-page\" data-elementor-id=\"4531\" class=\"elementor elementor-4531\" data-elementor-post-type=\"page\">\n\t\t\t\t<div class=\"elementor-element elementor-element-4323c36 e-con-full e-flex e-con e-child\" data-id=\"4323c36\" data-element_type=\"container\" data-e-type=\"container\">\n\t\t\t\t<div class=\"elementor-element elementor-element-cf29b51 elementor-widget__width-inherit elementor-widget elementor-widget-heading\" data-id=\"cf29b51\" data-element_type=\"widget\" data-e-type=\"widget\" data-widget_type=\"heading.default\">\n\t\t\t\t<div class=\"elementor-widget-container\">\n\t\t\t\t\t<h2 class=\"elementor-heading-title elementor-size-default\">Iratkozz fel a h\u00edrlev\u00e9lre, hogy hozz\u00e1f\u00e9rj az ingyenes tartalmakhoz!<\/h2>\t\t\t\t<\/div>\n\t\t\t\t<\/div>\n\t\t<div class=\"elementor-element elementor-element-5503181 e-con-full e-flex e-con e-child\" data-id=\"5503181\" data-element_type=\"container\" data-e-type=\"container\" data-settings=\"{&quot;background_background&quot;:&quot;classic&quot;}\">\n\t\t\t\t<div class=\"elementor-element elementor-element-1175288 elementor-widget elementor-widget-heading\" data-id=\"1175288\" data-element_type=\"widget\" data-e-type=\"widget\" data-widget_type=\"heading.default\">\n\t\t\t\t<div class=\"elementor-widget-container\">\n\t\t\t\t\t<h3 class=\"elementor-heading-title elementor-size-default\">H\u00edrlev\u00e9l feliratkoz\u00e1s<\/h3>\t\t\t\t<\/div>\n\t\t\t\t<\/div>\n\t\t\t\t<div class=\"elementor-element elementor-element-cf2f84e fluent-form-widget-step-header-yes fluent-form-widget-step-progressbar-yes fluentform-widget-submit-button-custom elementor-widget elementor-widget-fluent-form-widget\" data-id=\"cf2f84e\" data-element_type=\"widget\" data-e-type=\"widget\" data-widget_type=\"fluent-form-widget.default\">\n\t\t\t\t<div class=\"elementor-widget-container\">\n\t\t\t\t\t\n            <div class=\"fluentform-widget-wrapper fluentform-widget-align-default\">\n\n            \n            <div class='fluentform ff-default fluentform_wrapper_15 ffs_custom_wrap'><form data-form_id=\"15\" id=\"fluentform_15\" class=\"frm-fluent-form fluent_form_15 ff-el-form-top ff_form_instance_15_1 ff-form-loading ffs_custom\" data-form_instance=\"ff_form_instance_15_1\" method=\"POST\" ><fieldset  style=\"border: none!important;margin: 0!important;padding: 0!important;background-color: transparent!important;box-shadow: none!important;outline: none!important; min-inline-size: 100%;\">\n                    <legend class=\"ff_screen_reader_title\" style=\"display: block; margin: 0!important;padding: 0!important;height: 0!important;text-indent: -999999px;width: 0!important;overflow:hidden;\">Feliratkoz\u00e1s magyar<\/legend>        <div\n                style=\"display: none!important; position: absolute!important; transform: translateX(1000%)!important;\"\n                class=\"ff-el-group ff-hpsf-container\"\n        >\n            <div class=\"ff-el-input--label asterisk-right\">\n                <label for=\"ff_15_item_sf\" aria-label=\"Updates\">\n                    Updates                <\/label>\n            <\/div>\n            <div class=\"ff-el-input--content\">\n                <input type=\"text\"\n                       name=\"item_15__fluent_sf\"\n                       class=\"ff-el-form-control\"\n                       id=\"ff_15_item_sf\"\n                \/>\n            <\/div>\n        <\/div>\n        <input type='hidden' name='__fluent_form_embded_post_id' value='4531' \/><input type=\"hidden\" id=\"_fluentform_15_fluentformnonce\" name=\"_fluentform_15_fluentformnonce\" value=\"11d85051b5\" \/><input type=\"hidden\" name=\"_wp_http_referer\" value=\"\/en\/wp-json\/wp\/v2\/pages\/4531\" \/><div data-type=\"name-element\" data-name=\"names\" class=\" ff-field_container ff-name-field-wrapper\" ><div class='ff-t-container'><div class='ff-t-cell '><div class='ff-el-group'><div class='ff-el-input--content'><input type=\"text\" name=\"names[first_name]\" id=\"ff_15_names_first_name_\" class=\"ff-el-form-control\" placeholder=\"Keresztn\u00e9v\" aria-invalid=\"false\" aria-required=true><\/div><\/div><\/div><div class='ff-t-cell '><div class='ff-el-group'><div class='ff-el-input--content'><input type=\"text\" name=\"names[last_name]\" id=\"ff_15_names_last_name_\" class=\"ff-el-form-control\" placeholder=\"Vezet\u00e9kn\u00e9v\" aria-invalid=\"false\" aria-required=true><\/div><\/div><\/div><\/div><\/div><div class='ff-el-group'><div class='ff-el-input--content'><input type=\"email\" name=\"email\" id=\"ff_15_email\" class=\"ff-el-form-control\" placeholder=\"Email c\u00edm\" data-name=\"email\"  aria-invalid=\"false\" aria-required=true><\/div><\/div><div class='ff-el-group    ff-el-input--content'><div class='ff-el-form-check ff-el-tc'><label aria-label='Terms and Conditions: Hozz\u00e1j\u00e1rulok az adataim gy\u0171jt\u00e9s\u00e9hez \u00e9s biztons\u00e1gos t\u00e1rol\u00e1s\u00e1hoz a theamazonactivation.com \u00e1ltal, az Amazon Activation Adatv\u00e9delmi Szab\u00e1lyzat\u00e1nak megfelel\u0151en. Contains 1 link. Use tab navigation to review.' class='ff-el-form-check-label ff_tc_label' for=gdpr-agreement_69eeed25b2315d5b8ab036b14dcb01f8><span class='ff_tc_checkbox'><input type=\"checkbox\" name=\"gdpr-agreement\" class=\"ff-el-form-check-input ff_gdpr_field\" data-name=\"gdpr-agreement\" id=\"gdpr-agreement_69eeed25b2315d5b8ab036b14dcb01f8\"  value='on' aria-invalid='false' aria-required=true><\/span> <div class='ff_t_c'>Hozz\u00e1j\u00e1rulok az adataim gy\u0171jt\u00e9s\u00e9hez \u00e9s biztons\u00e1gos t\u00e1rol\u00e1s\u00e1hoz a theamazonactivation.com \u00e1ltal, az Amazon Activation <a href=\"https:\/\/theamazonactivation.com\/privacy-policy\">Adatv\u00e9delmi Szab\u00e1lyzat\u00e1nak<\/a> megfelel\u0151en.<\/div><\/label><\/div><\/div><div class='ff-el-group ff-text-center ff_submit_btn_wrapper'><button type=\"submit\" class=\"ff-btn ff-btn-submit ff-btn-lg ff_btn_style\"  aria-label=\"FELIRATKOZOM\">FELIRATKOZOM<\/button><\/div><\/fieldset><\/form><div id='fluentform_15_errors' class='ff-errors-in-stack ff_form_instance_15_1 ff-form-loading_errors ff_form_instance_15_1_errors'><\/div><\/div>            <script type=\"text\/javascript\">\n                window.fluent_form_ff_form_instance_15_1 = {\"id\":\"15\",\"settings\":{\"layout\":{\"labelPlacement\":\"top\",\"helpMessagePlacement\":\"with_label\",\"errorMessagePlacement\":\"inline\",\"cssClassName\":\"\",\"asteriskPlacement\":\"asterisk-right\"},\"restrictions\":{\"denyEmptySubmission\":{\"enabled\":false}}},\"form_instance\":\"ff_form_instance_15_1\",\"form_id_selector\":\"fluentform_15\",\"rules\":{\"names[first_name]\":{\"required\":{\"value\":true,\"message\":\"K\\u00f6telez\\u0151\",\"global\":false,\"global_message\":\"This field is required\"}},\"names[middle_name]\":{\"required\":{\"value\":false,\"message\":\"This field is required\",\"global\":false,\"global_message\":\"This field is required\"}},\"names[last_name]\":{\"required\":{\"value\":true,\"message\":\"K\\u00f6telez\\u0151\",\"global\":false,\"global_message\":\"This field is required\"}},\"email\":{\"required\":{\"value\":true,\"message\":\"K\\u00f6telez\\u0151\",\"global\":false,\"global_message\":\"This field is required\"},\"email\":{\"value\":true,\"message\":\"K\\u00e9rlek, \\u00e9rv\\u00e9nyes email c\\u00edmet adj meg!\",\"global\":false,\"global_message\":\"This field must contain a valid email\"}},\"gdpr-agreement\":{\"required\":{\"value\":true,\"message\":\"This field is required\",\"global\":false,\"global_message\":\"This field is required\"}}},\"debounce_time\":300};\n                            <\/script>\n                        <\/div>\n\n            \t\t\t\t<\/div>\n\t\t\t\t<\/div>\n\t\t\t\t<\/div>\n\t\t<div class=\"elementor-element elementor-element-fe72319 e-con-full e-flex e-con e-child\" data-id=\"fe72319\" data-element_type=\"container\" data-e-type=\"container\" data-settings=\"{&quot;background_background&quot;:&quot;classic&quot;}\">\n\t\t\t\t<div class=\"elementor-element elementor-element-b7fb538 elementor-widget elementor-widget-heading\" data-id=\"b7fb538\" data-element_type=\"widget\" data-e-type=\"widget\" data-widget_type=\"heading.default\">\n\t\t\t\t<div class=\"elementor-widget-container\">\n\t\t\t\t\t<h3 class=\"elementor-heading-title elementor-size-default\">M\u00e1r fel vagy iratkozva?<br>Akkor jelentkezz be itt!<\/h3>\t\t\t\t<\/div>\n\t\t\t\t<\/div>\n\t\t\t\t<div class=\"elementor-element elementor-element-ea31426 fluent-form-widget-step-header-yes fluent-form-widget-step-progressbar-yes fluentform-widget-submit-button-custom elementor-widget elementor-widget-fluent-form-widget\" data-id=\"ea31426\" data-element_type=\"widget\" data-e-type=\"widget\" data-widget_type=\"fluent-form-widget.default\">\n\t\t\t\t<div class=\"elementor-widget-container\">\n\t\t\t\t\t\n            <div class=\"fluentform-widget-wrapper fluentform-widget-align-default\">\n\n            \n            <div class='fluentform ff-default fluentform_wrapper_17 ffs_custom_wrap'><form data-form_id=\"17\" id=\"fluentform_17\" class=\"frm-fluent-form fluent_form_17 ff-el-form-top ff_form_instance_17_2 ff-form-loading ffs_custom\" data-form_instance=\"ff_form_instance_17_2\" method=\"POST\" ><fieldset  style=\"border: none!important;margin: 0!important;padding: 0!important;background-color: transparent!important;box-shadow: none!important;outline: none!important; min-inline-size: 100%;\">\n                    <legend class=\"ff_screen_reader_title\" style=\"display: block; margin: 0!important;padding: 0!important;height: 0!important;text-indent: -999999px;width: 0!important;overflow:hidden;\">Ingyenes oldal login<\/legend>        <div\n                style=\"display: none!important; position: absolute!important; transform: translateX(1000%)!important;\"\n                class=\"ff-el-group ff-hpsf-container\"\n        >\n            <div class=\"ff-el-input--label asterisk-right\">\n                <label for=\"ff_17_item_sf\" aria-label=\"Contact\">\n                    Contact                <\/label>\n            <\/div>\n            <div class=\"ff-el-input--content\">\n                <input type=\"text\"\n                       name=\"item_17__fluent_sf\"\n                       class=\"ff-el-form-control\"\n                       id=\"ff_17_item_sf\"\n                \/>\n            <\/div>\n        <\/div>\n        <input type='hidden' name='__fluent_form_embded_post_id' value='4531' \/><input type=\"hidden\" id=\"_fluentform_17_fluentformnonce\" name=\"_fluentform_17_fluentformnonce\" value=\"11d85051b5\" \/><input type=\"hidden\" name=\"_wp_http_referer\" value=\"\/en\/wp-json\/wp\/v2\/pages\/4531\" \/><div class='ff-el-group ff-el-form-hide_label'><div class=\"ff-el-input--label ff-el-is-required asterisk-right\"><label for='ff_17_2_email' id='label_ff_17_2_email' aria-label=\"Email\">Email<\/label><\/div><div class='ff-el-input--content'><input type=\"email\" name=\"email\" id=\"ff_17_2_email\" class=\"ff-el-form-control\" placeholder=\"Email c\u00edm\" data-name=\"email\"  aria-invalid=\"false\" aria-required=true><\/div><\/div><div class='ff-el-group ff-el-form-hide_label'><div class=\"ff-el-input--label ff-el-is-required asterisk-right\"><label for='ff_17_2_password' id='label_ff_17_2_password' aria-label=\"Password\">Password<\/label><\/div><div class='ff-el-input--content'><input type=\"password\" name=\"password\" id=\"ff_17_2_password\" class=\"ff-el-form-control\" placeholder=\"jelsz\u00f3\" data-name=\"password\"  aria-invalid=\"false\" aria-required=true><\/div><\/div><div class='ff-el-group  ff-custom_html' tabindex='-1' data-name=\"custom_html-17_1\" ><p><a href=\"https:\/\/theamazonactivation.com\/fiokom\/lost-password\/\">Elfelejtetted a jelszavad?<\/a><\/p><\/div><div class='ff-el-group ff-text-center ff_submit_btn_wrapper'><button type=\"submit\" class=\"ff-btn ff-btn-submit ff-btn-md ff_btn_style\"  aria-label=\"BEL\u00c9PEK\">BEL\u00c9PEK<\/button><\/div><\/fieldset><\/form><div id='fluentform_17_errors' class='ff-errors-in-stack ff_form_instance_17_2 ff-form-loading_errors ff_form_instance_17_2_errors'><\/div><\/div>            <script type=\"text\/javascript\">\n                window.fluent_form_ff_form_instance_17_2 = {\"id\":\"17\",\"settings\":{\"layout\":{\"labelPlacement\":\"top\",\"helpMessagePlacement\":\"with_label\",\"errorMessagePlacement\":\"inline\"},\"restrictions\":{\"denyEmptySubmission\":{\"enabled\":false}}},\"form_instance\":\"ff_form_instance_17_2\",\"form_id_selector\":\"fluentform_17\",\"rules\":{\"email\":{\"required\":{\"value\":true,\"message\":\"This field is required\",\"global\":false,\"global_message\":\"This field is required\"},\"email\":{\"value\":true,\"message\":\"This field must contain a valid email\",\"global\":false,\"global_message\":\"This field must contain a valid email\"}},\"password\":{\"required\":{\"value\":true,\"message\":\"This field is required\",\"global\":false,\"global_message\":\"This field is required\"}}},\"debounce_time\":300};\n                            <\/script>\n                        <\/div>\n\n            \t\t\t\t<\/div>\n\t\t\t\t<\/div>\n\t\t\t\t<\/div>\n\t\t\t\t<\/div>\n\t\t\t\t<\/div>\n\t\t","protected":false},"excerpt":{"rendered":"<p>Iratkozz fel a h\u00edrlev\u00e9lre, hogy hozz\u00e1f\u00e9rj az ingyenes tartalmakhoz! H\u00edrlev\u00e9l feliratkoz\u00e1s Feliratkoz\u00e1s magyar Contact Hozz\u00e1j\u00e1rulok az adataim gy\u0171jt\u00e9s\u00e9hez \u00e9s biztons\u00e1gos t\u00e1rol\u00e1s\u00e1hoz a theamazonactivation.com \u00e1ltal, az Amazon Activation Adatv\u00e9delmi Szab\u00e1lyzat\u00e1nak megfelel\u0151en.FELIRATKOZOM M\u00e1r fel vagy iratkozva?Akkor jelentkezz be itt! Ingyenes oldal login Subscribe EmailPassword Elfelejtetted a jelszavad? BEL\u00c9PEK Iratkozz fel a h\u00edrlev\u00e9lre, hogy hozz\u00e1f\u00e9rj az ingyenes tartalmakhoz! &#8230; <a title=\"Ingyenes tartalmak\" class=\"read-more\" href=\"https:\/\/theamazonactivation.com\/en\/free-experiences\/\" aria-label=\"Read more about Ingyenes tartalmak\">Read more<\/a><\/p>","protected":false},"author":1,"featured_media":0,"parent":0,"menu_order":0,"comment_status":"closed","ping_status":"closed","template":"","meta":{"_acf_changed":false,"_seopress_robots_primary_cat":"","_seopress_titles_title":"","_seopress_titles_desc":"","_seopress_robots_index":"","footnotes":""},"class_list":["post-4531","page","type-page","status-publish"],"acf":[],"_links":{"self":[{"href":"https:\/\/theamazonactivation.com\/en\/wp-json\/wp\/v2\/pages\/4531","targetHints":{"allow":["GET"]}}],"collection":[{"href":"https:\/\/theamazonactivation.com\/en\/wp-json\/wp\/v2\/pages"}],"about":[{"href":"https:\/\/theamazonactivation.com\/en\/wp-json\/wp\/v2\/types\/page"}],"author":[{"embeddable":true,"href":"https:\/\/theamazonactivation.com\/en\/wp-json\/wp\/v2\/users\/1"}],"replies":[{"embeddable":true,"href":"https:\/\/theamazonactivation.com\/en\/wp-json\/wp\/v2\/comments?post=4531"}],"version-history":[{"count":0,"href":"https:\/\/theamazonactivation.com\/en\/wp-json\/wp\/v2\/pages\/4531\/revisions"}],"wp:attachment":[{"href":"https:\/\/theamazonactivation.com\/en\/wp-json\/wp\/v2\/media?parent=4531"}],"curies":[{"name":"wp","href":"https:\/\/api.w.org\/{rel}","templated":true}]}}