{"id":1838,"date":"2023-06-30T06:51:27","date_gmt":"2023-06-30T05:51:27","guid":{"rendered":"https:\/\/amazonrising.hu\/?page_id=1838"},"modified":"2025-02-03T11:52:50","modified_gmt":"2025-02-03T10:52:50","slug":"about-me","status":"publish","type":"page","link":"https:\/\/theamazonactivation.com\/en\/about-me\/","title":{"rendered":"About me"},"content":{"rendered":"<div data-elementor-type=\"wp-page\" data-elementor-id=\"1838\" class=\"elementor elementor-1838\" data-elementor-post-type=\"page\">\n\t\t\t\t\t\t<section class=\"elementor-section elementor-top-section elementor-element elementor-element-5d016f4 elementor-section-boxed elementor-section-height-default elementor-section-height-default\" data-id=\"5d016f4\" data-element_type=\"section\" data-e-type=\"section\">\n\t\t\t\t\t\t<div class=\"elementor-container elementor-column-gap-default\">\n\t\t\t\t\t<div class=\"elementor-column elementor-col-100 elementor-top-column elementor-element elementor-element-f1e8080\" data-id=\"f1e8080\" data-element_type=\"column\" data-e-type=\"column\">\n\t\t\t<div class=\"elementor-widget-wrap elementor-element-populated\">\n\t\t\t\t\t\t<div class=\"elementor-element elementor-element-0784cb8 elementor-widget elementor-widget-heading\" data-id=\"0784cb8\" data-element_type=\"widget\" data-e-type=\"widget\" data-widget_type=\"heading.default\">\n\t\t\t\t<div class=\"elementor-widget-container\">\n\t\t\t\t\t<h1 class=\"elementor-heading-title elementor-size-default\">About Me\n<\/h1>\t\t\t\t<\/div>\n\t\t\t\t<\/div>\n\t\t\t\t<section class=\"elementor-section elementor-inner-section elementor-element elementor-element-31937ff elementor-section-boxed elementor-section-height-default elementor-section-height-default\" data-id=\"31937ff\" data-element_type=\"section\" data-e-type=\"section\">\n\t\t\t\t\t\t<div class=\"elementor-container elementor-column-gap-default\">\n\t\t\t\t\t<div class=\"elementor-column elementor-col-50 elementor-inner-column elementor-element elementor-element-4011ec8\" data-id=\"4011ec8\" data-element_type=\"column\" data-e-type=\"column\">\n\t\t\t<div class=\"elementor-widget-wrap elementor-element-populated\">\n\t\t\t\t\t\t<div class=\"elementor-element elementor-element-4ffbbce elementor-widget-tablet__width-initial elementor-widget elementor-widget-text-editor\" data-id=\"4ffbbce\" data-element_type=\"widget\" data-e-type=\"widget\" data-widget_type=\"text-editor.default\">\n\t\t\t\t<div class=\"elementor-widget-container\">\n\t\t\t\t\t\t\t\t\t<p>Szia! Fruzsi vagyok!<\/p><p>\u00a0<\/p><p>K\u00e9t gyermek \u00e9desanyjak\u00e9nt, a magyar-amerikais\u00e1gom paradoxonaival, tanul\u00e1si neh\u00e9zs\u00e9geimmel megb\u00e9k\u00e9lve, atl\u00e9tak\u00e9nt, kreat\u00edv var\u00e1zsl\u00f3k\u00e9nt \u00e9s intuit\u00edv f\u00fcvesasszonyk\u00e9nt \u00e9lem az \u00e9letem, mik\u00f6zben folyamatosan kutatom az \u00e9ppen legaktu\u00e1lisabb \u00e9letmin\u0151s\u00e9get emel\u0151 \u00e9s t\u00e1mogat\u00f3 \u00e9rdekess\u00e9geket. Tan\u00edt\u00f3, beavat\u00f3 \u00e9s gyakorl\u00f3 vagyok az \u00e9let rejt\u00e9lyeiben.<\/p><p>\u00a0<\/p><p>Nyolc \u00e9vvel ezel\u0151tt meg\u00e1lmodtam az Amazon Activation mozg\u00e1sm\u00f3dszert, amely a saj\u00e1t m\u00e9lyebb sz\u00fcks\u00e9gleteim \u00e9s az emberi testben rejl\u0151 megfoghatatlan \u00f6sszetetts\u00e9gek ir\u00e1nti k\u00edv\u00e1ncsis\u00e1gom \u00e9s kutat\u00e1saimb\u00f3l sz\u00fcletett. Ez a m\u00f3dszer a fegyelmezett \u00e9s kitart\u00f3 szem\u00e9lyes \u00f6nmunk\u00e1m, gyakorlati tapasztalataim, valamint az \u00e9letem sor\u00e1n szerzett holisztikus ismeretekre \u00e9p\u00fcl. Az Amazon Activation c\u00e9lja a testben rekedt stresszt, fesz\u00fclts\u00e9get, traum\u00e1t, \u00e9s k\u00fcl\u00f6nb\u00f6z\u0151 \u00e9rzelmi blokkok azonos\u00edt\u00e1sa, felszabad\u00edt\u00e1sa \u00e9s old\u00e1sa.<\/p>\t\t\t\t\t\t\t\t<\/div>\n\t\t\t\t<\/div>\n\t\t\t\t\t<\/div>\n\t\t<\/div>\n\t\t\t\t<div class=\"elementor-column elementor-col-50 elementor-inner-column elementor-element elementor-element-e4f1bc4\" data-id=\"e4f1bc4\" data-element_type=\"column\" data-e-type=\"column\">\n\t\t\t<div class=\"elementor-widget-wrap elementor-element-populated\">\n\t\t\t\t\t\t<div class=\"elementor-element elementor-element-7304a4c elementor-widget__width-initial elementor-widget elementor-widget-image\" data-id=\"7304a4c\" data-element_type=\"widget\" data-e-type=\"widget\" data-widget_type=\"image.default\">\n\t\t\t\t<div class=\"elementor-widget-container\">\n\t\t\t\t\t\t\t\t\t\t\t\t\t\t\t<img fetchpriority=\"high\" decoding=\"async\" width=\"1829\" height=\"2560\" src=\"https:\/\/theamazonactivation.com\/wp-content\/uploads\/2023\/07\/portrait1-scaled.jpg\" class=\"attachment-full size-full wp-image-2149\" alt=\"\" srcset=\"https:\/\/theamazonactivation.com\/wp-content\/uploads\/2023\/07\/portrait1-scaled.jpg 1829w, https:\/\/theamazonactivation.com\/wp-content\/uploads\/2023\/07\/portrait1-scaled-600x840.jpg 600w, https:\/\/theamazonactivation.com\/wp-content\/uploads\/2023\/07\/portrait1-214x300.jpg 214w, https:\/\/theamazonactivation.com\/wp-content\/uploads\/2023\/07\/portrait1-731x1024.jpg 731w, https:\/\/theamazonactivation.com\/wp-content\/uploads\/2023\/07\/portrait1-768x1075.jpg 768w, https:\/\/theamazonactivation.com\/wp-content\/uploads\/2023\/07\/portrait1-1097x1536.jpg 1097w, https:\/\/theamazonactivation.com\/wp-content\/uploads\/2023\/07\/portrait1-1463x2048.jpg 1463w\" sizes=\"(max-width: 1829px) 100vw, 1829px\" \/>\t\t\t\t\t\t\t\t\t\t\t\t\t\t\t<\/div>\n\t\t\t\t<\/div>\n\t\t\t\t\t<\/div>\n\t\t<\/div>\n\t\t\t\t\t<\/div>\n\t\t<\/section>\n\t\t\t\t<div class=\"elementor-element elementor-element-d7e39a7 elementor-widget elementor-widget-text-editor\" data-id=\"d7e39a7\" data-element_type=\"widget\" data-e-type=\"widget\" data-widget_type=\"text-editor.default\">\n\t\t\t\t<div class=\"elementor-widget-container\">\n\t\t\t\t\t\t\t\t\t<p>A kutat\u00e1si folyamataim sor\u00e1n r\u00e1j\u00f6ttem, hogy a negat\u00edv \u00e9nk\u00e9p\u00fcnk \u00e9s az ezekkel j\u00e1r\u00f3 \u00f6sszes egy\u00e9b \u00e1rt\u00f3 gondolatunk \u00e9s viselked\u00e9si mint\u00e1nk \u00e9szrev\u00e9tlen\u00fcl mindent befoly\u00e1solnak. Viszont a sejtek szintj\u00e9n az alv\u00f3 \u00e1llapotban, lappang\u00f3 potenci\u00e1lunk az FEL\u00c9BRESZTHET\u0150, amikor megtanulunk m\u00e9lyebben kapcsol\u00f3dni az \u00e9rz\u00e9seinkhez. Mert semmi nem az, aminek igaz\u00e1n l\u00e1tszik \u00e9s a legfontosabb dolog egyike, amit tehet\u00fcnk magunk\u00e9rt, hogy elkezdj\u00fck megk\u00e9rd\u0151jelezni a v\u00e9lt \u00e9s val\u00f3s korl\u00e1tainkat.<\/p><p>Pr\u00f3b\u00e1ld ki. Tedd ide a saj\u00e1t kijelent\u00e9sedet, amit \u00e9ppen igaznak gondolsz magadr\u00f3l:<\/p><p>Pl. Nekem soha, semmi nem siker\u00fcl.<\/p><p>Ford\u00edtsd \u00e1t k\u00e9rd\u00e9ss\u00e9 \u00e9s az eg\u00e9sz vil\u00e1gn\u00e9zeted m\u00e1ris megv\u00e1ltozik\u2026<\/p><p>Nekem soha, semmi nem siker\u00fcl?<\/p><p>Itt m\u00e1r tudsz \u00faj t\u00edpus\u00fa (helyes) k\u00e9rd\u00e9seket feltenni magadhoz, \u00e9s elindulsz a saj\u00e1t felfedez\u00e9si utadon.<\/p><p>\u00c9s ha m\u00e9g a testedbe is be viszed az \u00faj k\u00e9rd\u00e9st, \u00faj \u00e9lm\u00e9nyeket t\u00e1rs\u00edtva az \u00faj gondolatokhoz, ott m\u00e1r az \u00e9leted is meg fog v\u00e1ltozni\u2026.<\/p><p>A val\u00f3di k\u00e9rd\u00e9s itt m\u00e1r az, hogy el\u00e9g b\u00e1tor vagy-e cselekedni?<\/p><p>Az Amazon Activation egy szomatikus mozg\u00e1s\u00e9lm\u00e9ny, ahol a test\u00fcnket haszn\u00e1ljuk a gondolatink megfigyel\u00e9s\u00e9re a sz\u00e1nd\u00e9kos ellen\u00e1ll\u00f3k\u00e9pess\u00e9g er\u0151s\u00edt\u00e9sre: az a bizonyos REZILIENCIA, KITART\u00c1S, \u00e9s FEGYELEM, ami sz\u00fcks\u00e9ges a kishit\u0171s\u00e9g, halogat\u00e1s, aggodalmak, k\u00e9ts\u00e9gek, \u00e9s egy\u00e9b olyan mint\u00e1zatok \u00e1t\u00edr\u00e1s\u00e1hoz, amik a sikered, \u00f6r\u00f6m\u00f6d, kiteljesed\u00e9sed \u00e9s \u00f6nazonoss\u00e1god \u00fatj\u00e1ban \u00e1llnak. Amint tudatosan elkezdj\u00fck mozgatni a test\u00fcnket, lehet\u0151s\u00e9geket teremt\u00fcnk a m\u00e9ly \u00e1talakul\u00e1si folyamatokra, amelyek felszabad\u00edtj\u00e1k a szem\u00e9lyes er\u0151nket, oldj\u00e1k a g\u00e1takat, \u00edgy teret adunk magunknak AZZ\u00c1 V\u00c1LNI, akik val\u00f3j\u00e1ban lenni szeretn\u00e9nk.<\/p>\t\t\t\t\t\t\t\t<\/div>\n\t\t\t\t<\/div>\n\t\t<div class=\"elementor-element elementor-element-bf55a82 e-flex e-con-boxed e-con e-parent\" data-id=\"bf55a82\" data-element_type=\"container\" data-e-type=\"container\">\n\t\t\t\t\t<div class=\"e-con-inner\">\n\t\t\t\t<div class=\"elementor-element elementor-element-56c5797 elementor-widget__width-initial elementor-widget-tablet__width-initial elementor-widget-mobile__width-initial elementor-widget elementor-widget-image\" data-id=\"56c5797\" data-element_type=\"widget\" data-e-type=\"widget\" data-widget_type=\"image.default\">\n\t\t\t\t<div class=\"elementor-widget-container\">\n\t\t\t\t\t\t\t\t\t\t\t\t\t\t\t<img decoding=\"async\" width=\"900\" height=\"675\" src=\"https:\/\/theamazonactivation.com\/wp-content\/uploads\/2023\/08\/group.jpg\" class=\"attachment-large size-large wp-image-4017\" alt=\"\" srcset=\"https:\/\/theamazonactivation.com\/wp-content\/uploads\/2023\/08\/group.jpg 960w, https:\/\/theamazonactivation.com\/wp-content\/uploads\/2023\/08\/group-300x225.jpg 300w, https:\/\/theamazonactivation.com\/wp-content\/uploads\/2023\/08\/group-768x576.jpg 768w, https:\/\/theamazonactivation.com\/wp-content\/uploads\/2023\/08\/group-600x450.jpg 600w\" sizes=\"(max-width: 900px) 100vw, 900px\" \/>\t\t\t\t\t\t\t\t\t\t\t\t\t\t\t<\/div>\n\t\t\t\t<\/div>\n\t\t\t\t<div class=\"elementor-element elementor-element-ed9755d elementor-widget elementor-widget-text-editor\" data-id=\"ed9755d\" data-element_type=\"widget\" data-e-type=\"widget\" data-widget_type=\"text-editor.default\">\n\t\t\t\t<div class=\"elementor-widget-container\">\n\t\t\t\t\t\t\t\t\t<p>Az elm\u00falt n\u00e9gy \u00e9vben az Amazon Activation mozg\u00e1sm\u00f3dszer egy komplex mozg\u00e1salap\u00fa, gy\u00f3gy\u00edt\u00f3 m\u00f3dszerr\u00e9 fejl\u0151d\u00f6tt, amely mag\u00e1ban foglalja a mozg\u00e1st, l\u00e9gz\u0151-gyakorlatoz\u00e1st, vizualiz\u00e1ci\u00f3s technik\u00e1kat \u00e9s \u00edr\u00e1sos feladatokat, amivel a b\u00e1tors\u00e1g \u00e9s \u00f6nazonoss\u00e1g biztos alapokra ker\u00fclhet.<\/p><p>M\u00e9lyen elk\u00f6telezett vagyok abban, hogy felemeljem, inspir\u00e1ljam, b\u00e1tor\u00edtsam, \u00e9s motiv\u00e1ljam a vend\u00e9geimet az \u00f6nazonoss\u00e1gukhoz vezet\u0151 \u00faton.<\/p>\t\t\t\t\t\t\t\t<\/div>\n\t\t\t\t<\/div>\n\t\t\t\t\t<\/div>\n\t\t\t\t<\/div>\n\t\t\t\t<div class=\"elementor-element elementor-element-b653bb9 elementor-widget elementor-widget-heading\" data-id=\"b653bb9\" data-element_type=\"widget\" data-e-type=\"widget\" data-widget_type=\"heading.default\">\n\t\t\t\t<div class=\"elementor-widget-container\">\n\t\t\t\t\t<h2 class=\"elementor-heading-title elementor-size-default\">A t\u00f6rt\u00e9netem\n<\/h2>\t\t\t\t<\/div>\n\t\t\t\t<\/div>\n\t\t\t\t<div class=\"elementor-element elementor-element-fceb43c elementor-widget elementor-widget-text-editor\" data-id=\"fceb43c\" data-element_type=\"widget\" data-e-type=\"widget\" data-widget_type=\"text-editor.default\">\n\t\t\t\t<div class=\"elementor-widget-container\">\n\t\t\t\t\t\t\t\t\t<p>Gyermekkorban az otthonomat traumatik k\u00f6r\u00fclm\u00e9nyek k\u00f6z\u00f6tt elhagytam, ut\u00e1na az \u00faj orsz\u00e1gban szeg\u00e9nys\u00e9g \u00e9s a nem el\u00e9g j\u00f3s\u00e1g, valamint a k\u00e9pess\u00e9geimben folyamatos k\u00e9telked\u00e9s jellemezte, pontosabban nem is tudtam, hogy van olyan, amiben j\u00f3 vagyok vagy lehetek tehets\u00e9ges, majd feln\u0151tt korban v\u00e1l\u00e1s, hal\u00e1l \u00e9s k\u00e9ts\u00e9gbees\u00e9s, ami v\u00e9g\u00fcl a legszebb \u00e9letemhez vezetett\u2026<\/p><p>Fontos megjegyeznem, hogy mik\u00f6zben a fenti esem\u00e9nyek es t\u00f6rt\u00e9n\u00e9sek mind val\u00f3sak, j\u00f3 gyerekkorom volt mert az \u00c9S-t meg tanultam \u00e9lni.<\/p><p>Szeretve voltam \u00c9S m\u00e9g sem voltam \u00fagy szeretve ahogy Nekem kellett.<\/p><p>Szeg\u00e9nys\u00e9gben \u00e9lt\u00fcnk \u00c9S mindenem meg volt.<\/p><p>Terhelt volt az otthoni l\u00e9gk\u00f6r\u00f6m \u00c9S vid\u00e1m voltam.<\/p><p>Gy\u00f6trelmes volt sok minden \u00c9S mindig megtal\u00e1ltam a k\u00f6nnyeds\u00e9get.<\/p><p>Sokszor nem volt sok lehet\u0151s\u00e9gem \u00c9S \u00f6nind\u00edt\u00f3 voltam, abban amim volt, amikor kellett.<\/p><p>Teljesen tudatlan voltam \u00c9S mindig \u00f6szt\u00f6n\u00f6s.<\/p><p>Hi\u00e1nyokkal teli \u00c9S m\u00e9gis tudtam\u2026<br \/><br \/>Amikor az Amazon egy semmi volt \u00e9s a testemet az \u00f6sszes fizikai k\u00e9pess\u00e9geim hat\u00e1rain t\u00falra toltam (ha most neh\u00e9znek gondolod az \u00f3r\u00e1t, akkor \u00f6r\u00fclj, hogy nem volt\u00e1l ott a kezdetekn\u00e9l!), val\u00f3j\u00e1ban az \u00e9rt\u00e9kess\u00e9gemet pr\u00f3b\u00e1ltam bizony\u00edtani, hogy fel tudtam mutatni \u00e9s valid\u00e1lni tudjam, a L\u00c9TEZ\u00c9SEMET.<\/p>\t\t\t\t\t\t\t\t<\/div>\n\t\t\t\t<\/div>\n\t\t<div class=\"elementor-element elementor-element-30c4b23 e-flex e-con-boxed e-con e-parent\" data-id=\"30c4b23\" data-element_type=\"container\" data-e-type=\"container\">\n\t\t\t\t\t<div class=\"e-con-inner\">\n\t\t\t\t<div class=\"elementor-element elementor-element-8fdcfcc elementor-widget__width-initial elementor-widget-mobile__width-initial elementor-widget elementor-widget-text-editor\" data-id=\"8fdcfcc\" data-element_type=\"widget\" data-e-type=\"widget\" data-widget_type=\"text-editor.default\">\n\t\t\t\t<div class=\"elementor-widget-container\">\n\t\t\t\t\t\t\t\t\t<p>\u00c9ppen egy \u00f6nfejleszt\u00e9si \u00fatra indultam, ami felkapcsolt valamit n\u00e1lam. Addigra a gyerekeim m\u00e1r nagyobbacsk\u00e1k voltak \u00e9s teljesen megfeledkeztem arr\u00f3l addigra, hogy ki vagyok \u00e9s mit mi\u00e9rt csin\u00e1lok. Az \u00e9letembe beszorulva \u00e9reztem magam, mint egy fogvatartott \u00e9s k\u00e9ts\u00e9gbeesetten sz\u00fcks\u00e9gem volt k\u00f6nnyebb\u00fcl\u00e9sre. A rem\u00e9nytelens\u00e9g \u00e9rzet miatt, elkezdtem tan\u00edtani egy mozg\u00e1s \u00f3r\u00e1t, amit az \u00f6szt\u00f6neim, \u00e9rz\u00e9seim \u00e9s sz\u00fcks\u00e9gleteim ir\u00e1ny\u00edtottak. Egy \u00e9v k\u00eds\u00e9rletez\u00e9s ut\u00e1n elkezdtem \u00c9REZNI azt, amire sz\u00fcks\u00e9gem volt. Tudtomon k\u00edv\u00fcl megsz\u00fcletett az Amazon Activation mozg\u00e1sm\u00f3dszernek a szerkezete. \u00dajra tudtam l\u00e9legezni. M\u00e1sk\u00e9pp voltam er\u0151s, \u00e9s egy \u00fajfajta k\u00fcls\u0151 bels\u0151 \u00f6sszhangot v\u00e9ltem felfedezni magamban, amit kor\u00e1bban nem tapasztaltam (tal\u00e1n soha).<\/p>\t\t\t\t\t\t\t\t<\/div>\n\t\t\t\t<\/div>\n\t\t\t\t<div class=\"elementor-element elementor-element-d4fb4bb elementor-widget elementor-widget-image\" data-id=\"d4fb4bb\" data-element_type=\"widget\" data-e-type=\"widget\" data-widget_type=\"image.default\">\n\t\t\t\t<div class=\"elementor-widget-container\">\n\t\t\t\t\t\t\t\t\t\t\t\t\t\t\t<img decoding=\"async\" width=\"900\" height=\"600\" src=\"https:\/\/theamazonactivation.com\/wp-content\/uploads\/2023\/08\/5-1024x683.jpg\" class=\"attachment-large size-large wp-image-4024\" alt=\"\" srcset=\"https:\/\/theamazonactivation.com\/wp-content\/uploads\/2023\/08\/5-1024x683.jpg 1024w, https:\/\/theamazonactivation.com\/wp-content\/uploads\/2023\/08\/5-300x200.jpg 300w, https:\/\/theamazonactivation.com\/wp-content\/uploads\/2023\/08\/5-768x513.jpg 768w, https:\/\/theamazonactivation.com\/wp-content\/uploads\/2023\/08\/5-1536x1025.jpg 1536w, https:\/\/theamazonactivation.com\/wp-content\/uploads\/2023\/08\/5-2048x1367.jpg 2048w, https:\/\/theamazonactivation.com\/wp-content\/uploads\/2023\/08\/5-600x400.jpg 600w\" sizes=\"(max-width: 900px) 100vw, 900px\" \/>\t\t\t\t\t\t\t\t\t\t\t\t\t\t\t<\/div>\n\t\t\t\t<\/div>\n\t\t\t\t\t<\/div>\n\t\t\t\t<\/div>\n\t\t\t\t<section class=\"elementor-section elementor-inner-section elementor-element elementor-element-353a6ec elementor-section-content-middle elementor-section-boxed elementor-section-height-default elementor-section-height-default\" data-id=\"353a6ec\" data-element_type=\"section\" data-e-type=\"section\">\n\t\t\t\t\t\t<div class=\"elementor-container elementor-column-gap-default\">\n\t\t\t\t\t<div class=\"elementor-column elementor-col-50 elementor-inner-column elementor-element elementor-element-38ee92b\" data-id=\"38ee92b\" data-element_type=\"column\" data-e-type=\"column\">\n\t\t\t<div class=\"elementor-widget-wrap elementor-element-populated\">\n\t\t\t\t\t\t<div class=\"elementor-element elementor-element-0f11362 elementor-widget elementor-widget-image\" data-id=\"0f11362\" data-element_type=\"widget\" data-e-type=\"widget\" data-widget_type=\"image.default\">\n\t\t\t\t<div class=\"elementor-widget-container\">\n\t\t\t\t\t\t\t\t\t\t\t\t\t\t\t<img loading=\"lazy\" decoding=\"async\" width=\"731\" height=\"1024\" src=\"https:\/\/theamazonactivation.com\/wp-content\/uploads\/2023\/08\/portrait5-731x1024.jpg\" class=\"attachment-large size-large wp-image-3602\" alt=\"\" srcset=\"https:\/\/theamazonactivation.com\/wp-content\/uploads\/2023\/08\/portrait5-731x1024.jpg 731w, https:\/\/theamazonactivation.com\/wp-content\/uploads\/2023\/08\/portrait5-scaled-600x840.jpg 600w, https:\/\/theamazonactivation.com\/wp-content\/uploads\/2023\/08\/portrait5-214x300.jpg 214w, https:\/\/theamazonactivation.com\/wp-content\/uploads\/2023\/08\/portrait5-768x1075.jpg 768w, https:\/\/theamazonactivation.com\/wp-content\/uploads\/2023\/08\/portrait5-1097x1536.jpg 1097w, https:\/\/theamazonactivation.com\/wp-content\/uploads\/2023\/08\/portrait5-1463x2048.jpg 1463w, https:\/\/theamazonactivation.com\/wp-content\/uploads\/2023\/08\/portrait5-scaled.jpg 1829w\" sizes=\"(max-width: 731px) 100vw, 731px\" \/>\t\t\t\t\t\t\t\t\t\t\t\t\t\t\t<\/div>\n\t\t\t\t<\/div>\n\t\t\t\t\t<\/div>\n\t\t<\/div>\n\t\t\t\t<div class=\"elementor-column elementor-col-50 elementor-inner-column elementor-element elementor-element-40757ee\" data-id=\"40757ee\" data-element_type=\"column\" data-e-type=\"column\">\n\t\t\t<div class=\"elementor-widget-wrap elementor-element-populated\">\n\t\t\t\t\t\t<div class=\"elementor-element elementor-element-dfeaaf4 elementor-widget elementor-widget-text-editor\" data-id=\"dfeaaf4\" data-element_type=\"widget\" data-e-type=\"widget\" data-widget_type=\"text-editor.default\">\n\t\t\t\t<div class=\"elementor-widget-container\">\n\t\t\t\t\t\t\t\t\t<p>Tov\u00e1bbi egy \u00e9vbe telt, mire megtanultam, hogyan tudom mindazt, amit gyakoroltam \u00e9s \u00e9reztem, olyan m\u00f3don \u00e1tadni, ami m\u00e1sok sz\u00e1m\u00e1ra is \u00e9rthet\u0151 volt. Ekkor a posztjaim, \u00edr\u00e1saim, \u00e9s k\u00e9peim mind a J\u00d6V\u0150BELI \u00c9NEM kivet\u00edtett v\u00edzi\u00f3j\u00e1t t\u00fckr\u00f6zt\u00e9k &#8211; bel\u00fcl m\u00e9g messze voltam &#8211; de l\u00e9trehoztam egy j\u00f6v\u0151beli verzi\u00f3t magamr\u00f3l, \u00e9s lassan az \u00e9letem AMAZONJ\u00c1V\u00c1 kezdtem v\u00e1lni.<\/p><p>Id\u0151vel, ahogy egyre ink\u00e1bb meg\u00e9rtettem mi t\u00f6rt\u00e9nik velem \u00e9s \u00e9reztem az \u00e9leter\u0151t felt\u00f6rni a testemb\u0151l t\u00f6rt\u00e9nt, hogy elkezdtem l\u00e1tni magam, mint aki m\u00e9lt\u00f3 egy j\u00f3 \u00e9letre, mert meg\u00e9rdemli, sz\u00e1m\u00edt \u00e9s el\u00e9g j\u00f3\u2026<\/p><p>A gyermekkori szeg\u00e9nys\u00e9g sajnos, nagyon m\u00e9lyre tud menni. Neh\u00e9z k\u00fcl\u00f6nbs\u00e9get tenni ak\u00f6z\u00f6tt, hogy az\u00e9rt mert kevesebb van nekem az nem jelenti azt, hogy \u00e9n kevesebb vagyok! \u00c9s ez sok minden m\u00e1sba is \u00e1tk\u00faszik.<\/p>\t\t\t\t\t\t\t\t<\/div>\n\t\t\t\t<\/div>\n\t\t\t\t\t<\/div>\n\t\t<\/div>\n\t\t\t\t\t<\/div>\n\t\t<\/section>\n\t\t\t\t<div class=\"elementor-element elementor-element-28577ec elementor-widget elementor-widget-text-editor\" data-id=\"28577ec\" data-element_type=\"widget\" data-e-type=\"widget\" data-widget_type=\"text-editor.default\">\n\t\t\t\t<div class=\"elementor-widget-container\">\n\t\t\t\t\t\t\t\t\t<p>Min\u00e9l ink\u00e1bb b\u00edzni \u00e9s hinni kezdtem abban, akiv\u00e9 v\u00e1ltam, ann\u00e1l ink\u00e1bb felel\u0151ss\u00e9get kellett v\u00e1llalnom az autentikuss\u00e1gom\u00e9rt \u00e9s az\u00e9rt, ahogyan megjelenek az \u00e9letemben. Szembes\u00fcln\u00f6m kellett mindazokkal a r\u00e9szeimmel, akiket elhagytam, elutas\u00edtottam, \u00e9s akinek a hangj\u00e1t eln\u00e9m\u00edtottam. Azokkal a darabjaimmal, amelyek mindig ott voltak, de amelyeknek nem adtam enged\u00e9lyt a l\u00e9tez\u00e9sre, meg kellett tudnom b\u00e9k\u00e9lni. Ahogy vissza foglaltam a helyemet az \u00e9letem tr\u00f3nj\u00e1n, minden ki kellet ker\u00fclj\u00f6n az \u00e9letemb\u0151l, amiben \u00f6nmagamat kellett volna be\u00e1ldozom.<\/p><p>Most m\u00e1r tudom, hogy ki vagyok \u00e9s szeretem azt aki lettem.<\/p><p>Ahogy tan\u00faja voltam a bels\u0151 Amazonom meg\u00e9rkez\u00e9s\u00e9nek, l\u00e1ttam ahogy a hamvakb\u00f3l felemelkedtem, visszahoztam magamat az \u00e9letbe, az\u00e1ltal, hogy mertem \u00f6nmagamat v\u00e1lasztani. Elhat\u00e1roztam, eld\u00f6nt\u00f6ttem, \u00e9s v\u00e9gig csin\u00e1ltam. Jobban akartam azt a \u201cM\u00c1ST\u201d mint f\u00e9ltem B\u00c1RMIT\u0150L, ami az utamba ker\u00fclt. Id\u0151k\u00f6zben egy v\u00e1l\u00e1son mentem kereszt\u00fcl, szeretett nagymam\u00e1mat is elvesztettem, volt Covid hull\u00e1m, ukrajnai h\u00e1bor\u00fa, h\u00e1z elad\u00e1s a teljes k\u00e9ts\u00e9gbees\u00e9s, pusztul\u00e1s, rem\u00e9nytelens\u00e9g idej\u00e9ben, majd 46 \u00e9vesen sz\u00fcleimhez visszak\u00f6lt\u00f6ztem k\u00e9t gyerekkel, egy kuty\u00e1val, \u00e9s ket macsk\u00e1val, teljesen megt\u00f6rve, v\u00e9rezve, p\u00e1rhuzamosan fel\u00e9p\u00edtettem az \u00faj otthonunkat, \u00e9s mostanra a v\u00e1llalkoz\u00e1somat \u00faj magaslatokra emeltem teljes p\u00e9nz\u00fcgyi analfab\u00e9tak\u00e9nt.<\/p><p>Ez vagyok \u00e9n.<\/p><p>Apr\u00f3 napi l\u00e9p\u00e9sekkel megtanultam bizalmat \u00e9p\u00edteni a gondolataimba \u00e9s \u00e9rz\u00e9seimbe. NEM A R\u00c9GIEKBEN, hanem az \u00daJAKBA! Stabil hat\u00e1rokat tartok, v\u00e9gzem a bels\u0151 munk\u00e1mat, \u00e9s legf\u0151k\u00e9ppen \u00c9RTEM, \u00c9RZEM, \u00e9s \u00c9LEM, hogy az \u00e9letem\u00e9rt \u00e9n vagyok felel\u0151s. Felszabad\u00edtottam, szemben\u00e9ztem, kioldottam, megtiszt\u00edtottam, \u00e9s mostanra \u00e9lem legmagasabb id\u0151vonalamat.<\/p><p>Seg\u00edteni szeretn\u00e9k neked is ugyanezt megtenni, de SOKKAL gyorsabban. Nincs sz\u00fcks\u00e9ged arra, hogy \u00e9veket szenvedj \u00e9s \u00f6npuszt\u00edt\u00f3 legy\u00e9l, mint amilyen \u00e9n voltam kor\u00e1bban. Megvan a t\u00e9rk\u00e9pem, az alaprajzom \u00e9s a gyors\u00fat, hogy seg\u00edtselek megtal\u00e1lni, ami a TI\u00c9D.<\/p><p>Egy b\u0151s\u00e9ggel teli, vid\u00e1ms\u00e1gra alapul\u00f3, \u00f6r\u00f6mteli, J\u00d3 \u00e9let mindenkinek lehets\u00e9ges!<\/p>\t\t\t\t\t\t\t\t<\/div>\n\t\t\t\t<\/div>\n\t\t\t\t<div class=\"elementor-element elementor-element-e82fa09 elementor-widget elementor-widget-text-editor\" data-id=\"e82fa09\" data-element_type=\"widget\" data-e-type=\"widget\" data-widget_type=\"text-editor.default\">\n\t\t\t\t<div class=\"elementor-widget-container\">\n\t\t\t\t\t\t\t\t\t<p><strong>Ha nekem siker\u00fclt, akkor neked is tud! Mozg\u00e1sra fel!<br \/><\/strong><\/p>\t\t\t\t\t\t\t\t<\/div>\n\t\t\t\t<\/div>\n\t\t\t\t<div class=\"elementor-element elementor-element-9087d20 elementor-widget elementor-widget-image\" data-id=\"9087d20\" data-element_type=\"widget\" data-e-type=\"widget\" data-widget_type=\"image.default\">\n\t\t\t\t<div class=\"elementor-widget-container\">\n\t\t\t\t\t\t\t\t\t\t\t\t\t\t\t<img loading=\"lazy\" decoding=\"async\" width=\"684\" height=\"1024\" src=\"https:\/\/theamazonactivation.com\/wp-content\/uploads\/2023\/07\/portrait17-684x1024.jpg\" class=\"attachment-large size-large wp-image-2457\" alt=\"\" srcset=\"https:\/\/theamazonactivation.com\/wp-content\/uploads\/2023\/07\/portrait17-684x1024.jpg 684w, https:\/\/theamazonactivation.com\/wp-content\/uploads\/2023\/07\/portrait17-scaled-600x899.jpg 600w, https:\/\/theamazonactivation.com\/wp-content\/uploads\/2023\/07\/portrait17-200x300.jpg 200w, https:\/\/theamazonactivation.com\/wp-content\/uploads\/2023\/07\/portrait17-768x1150.jpg 768w, https:\/\/theamazonactivation.com\/wp-content\/uploads\/2023\/07\/portrait17-1025x1536.jpg 1025w, https:\/\/theamazonactivation.com\/wp-content\/uploads\/2023\/07\/portrait17-1367x2048.jpg 1367w, https:\/\/theamazonactivation.com\/wp-content\/uploads\/2023\/07\/portrait17-scaled.jpg 1709w\" sizes=\"(max-width: 684px) 100vw, 684px\" \/>\t\t\t\t\t\t\t\t\t\t\t\t\t\t\t<\/div>\n\t\t\t\t<\/div>\n\t\t\t\t<div class=\"elementor-element elementor-element-aa0835b elementor-widget elementor-widget-spacer\" data-id=\"aa0835b\" data-element_type=\"widget\" data-e-type=\"widget\" data-widget_type=\"spacer.default\">\n\t\t\t\t<div class=\"elementor-widget-container\">\n\t\t\t\t\t\t\t<div class=\"elementor-spacer\">\n\t\t\t<div class=\"elementor-spacer-inner\"><\/div>\n\t\t<\/div>\n\t\t\t\t\t\t<\/div>\n\t\t\t\t<\/div>\n\t\t\t\t\t<\/div>\n\t\t<\/div>\n\t\t\t\t\t<\/div>\n\t\t<\/section>\n\t\t\t\t<\/div>","protected":false},"excerpt":{"rendered":"<p>R\u00f3lam Szia! Fruzsi vagyok! \u00a0 K\u00e9t gyermek \u00e9desanyjak\u00e9nt, a magyar-amerikais\u00e1gom paradoxonaival, tanul\u00e1si neh\u00e9zs\u00e9geimmel megb\u00e9k\u00e9lve, atl\u00e9tak\u00e9nt, kreat\u00edv var\u00e1zsl\u00f3k\u00e9nt \u00e9s intuit\u00edv f\u00fcvesasszonyk\u00e9nt \u00e9lem az \u00e9letem, mik\u00f6zben folyamatosan kutatom az \u00e9ppen legaktu\u00e1lisabb \u00e9letmin\u0151s\u00e9get emel\u0151 \u00e9s t\u00e1mogat\u00f3 \u00e9rdekess\u00e9geket. Tan\u00edt\u00f3, beavat\u00f3 \u00e9s gyakorl\u00f3 vagyok az \u00e9let rejt\u00e9lyeiben. \u00a0 Nyolc \u00e9vvel ezel\u0151tt meg\u00e1lmodtam az Amazon Activation mozg\u00e1sm\u00f3dszert, amely a saj\u00e1t m\u00e9lyebb &#8230; <a title=\"About me\" class=\"read-more\" href=\"https:\/\/theamazonactivation.com\/en\/about-me\/\" aria-label=\"Read more about About me\">Read more<\/a><\/p>","protected":false},"author":1,"featured_media":2449,"parent":0,"menu_order":0,"comment_status":"closed","ping_status":"closed","template":"","meta":{"_acf_changed":false,"_seopress_robots_primary_cat":"","_seopress_titles_title":"","_seopress_titles_desc":"","_seopress_robots_index":"","footnotes":""},"class_list":["post-1838","page","type-page","status-publish","has-post-thumbnail"],"acf":[],"_links":{"self":[{"href":"https:\/\/theamazonactivation.com\/en\/wp-json\/wp\/v2\/pages\/1838","targetHints":{"allow":["GET"]}}],"collection":[{"href":"https:\/\/theamazonactivation.com\/en\/wp-json\/wp\/v2\/pages"}],"about":[{"href":"https:\/\/theamazonactivation.com\/en\/wp-json\/wp\/v2\/types\/page"}],"author":[{"embeddable":true,"href":"https:\/\/theamazonactivation.com\/en\/wp-json\/wp\/v2\/users\/1"}],"replies":[{"embeddable":true,"href":"https:\/\/theamazonactivation.com\/en\/wp-json\/wp\/v2\/comments?post=1838"}],"version-history":[{"count":0,"href":"https:\/\/theamazonactivation.com\/en\/wp-json\/wp\/v2\/pages\/1838\/revisions"}],"wp:featuredmedia":[{"embeddable":true,"href":"https:\/\/theamazonactivation.com\/en\/wp-json\/wp\/v2\/media\/2449"}],"wp:attachment":[{"href":"https:\/\/theamazonactivation.com\/en\/wp-json\/wp\/v2\/media?parent=1838"}],"curies":[{"name":"wp","href":"https:\/\/api.w.org\/{rel}","templated":true}]}}