{"id":11731,"date":"2025-01-10T08:39:16","date_gmt":"2025-01-10T07:39:16","guid":{"rendered":"https:\/\/theamazonactivation.com\/?page_id=11731"},"modified":"2026-02-13T09:37:57","modified_gmt":"2026-02-13T08:37:57","slug":"house-of-hildegard","status":"publish","type":"page","link":"https:\/\/theamazonactivation.com\/en\/house-of-hildegard\/","title":{"rendered":"House of Hildegard"},"content":{"rendered":"<div class=\"woocommerce\">\n\t\t\t<div class=\"woocommerce-info wc-memberships-restriction-message wc-memberships-message wc-memberships-content-restricted-message\">\n\t\t\t\tTo access this post, you must purchase <span class=\"wc-memberships-products-grant-access\"><a href=\"https:\/\/theamazonactivation.com\/en\/xp\/expand-subscription\/\">EXPAND - House of Hildegard el\u0151fizet\u00e9s<\/a> or <a href=\"https:\/\/theamazonactivation.com\/en\/xp\/house-of-hildegard-plus-elofizetes\/\">House of Hildegard+ el\u0151fizet\u00e9s<\/a><\/span>.<br>Ha van hozz\u00e1f\u00e9r\u00e9sed, a megtekint\u00e9shez <a href=\"https:\/\/theamazonactivation.com\/en\/fiokom\/?wcm_redirect_to=post&#038;wcm_redirect_id=6061\">jelentkezz be<a>!\t\t    <\/div>\n\t\t<\/div>","protected":false},"excerpt":{"rendered":"<p>To access this post, you must purchase EXPAND &#8211; House of Hildegard el\u0151fizet\u00e9s or House of Hildegard+ el\u0151fizet\u00e9s.Ha van hozz\u00e1f\u00e9r\u00e9sed, a megtekint\u00e9shez jelentkezz be!<\/p>","protected":false},"author":1,"featured_media":0,"parent":0,"menu_order":0,"comment_status":"closed","ping_status":"closed","template":"elementor_header_footer","meta":{"_acf_changed":false,"_seopress_robots_primary_cat":"","_seopress_titles_title":"","_seopress_titles_desc":"","_seopress_robots_index":"","footnotes":""},"class_list":["post-11731","page","type-page","status-publish","hentry"],"acf":[],"_links":{"self":[{"href":"https:\/\/theamazonactivation.com\/en\/wp-json\/wp\/v2\/pages\/11731","targetHints":{"allow":["GET"]}}],"collection":[{"href":"https:\/\/theamazonactivation.com\/en\/wp-json\/wp\/v2\/pages"}],"about":[{"href":"https:\/\/theamazonactivation.com\/en\/wp-json\/wp\/v2\/types\/page"}],"author":[{"embeddable":true,"href":"https:\/\/theamazonactivation.com\/en\/wp-json\/wp\/v2\/users\/1"}],"replies":[{"embeddable":true,"href":"https:\/\/theamazonactivation.com\/en\/wp-json\/wp\/v2\/comments?post=11731"}],"version-history":[{"count":0,"href":"https:\/\/theamazonactivation.com\/en\/wp-json\/wp\/v2\/pages\/11731\/revisions"}],"wp:attachment":[{"href":"https:\/\/theamazonactivation.com\/en\/wp-json\/wp\/v2\/media?parent=11731"}],"curies":[{"name":"wp","href":"https:\/\/api.w.org\/{rel}","templated":true}]}}